{"id":641,"date":"2021-07-24T10:47:17","date_gmt":"2021-07-24T10:47:17","guid":{"rendered":"https:\/\/ruecken-therapie-training.ch\/basel-bern\/?page_id=641"},"modified":"2021-10-06T07:32:37","modified_gmt":"2021-10-06T07:32:37","slug":"impressum","status":"publish","type":"page","link":"https:\/\/ruecken-therapie-training.ch\/basel-bern\/impressum\/","title":{"rendered":"Impressum"},"content":{"rendered":"\t\t<div data-elementor-type=\"wp-page\" data-elementor-id=\"641\" class=\"elementor elementor-641\" data-elementor-post-type=\"page\">\n\t\t\t\t\t\t<section class=\"elementor-section elementor-top-section elementor-element elementor-element-740e0479 elementor-section-full_width elementor-section-height-default elementor-section-height-default\" data-id=\"740e0479\" data-element_type=\"section\" data-e-type=\"section\">\n\t\t\t\t\t\t<div class=\"elementor-container elementor-column-gap-default\">\n\t\t\t\t\t<div class=\"elementor-column elementor-col-100 elementor-top-column elementor-element elementor-element-439db08\" data-id=\"439db08\" data-element_type=\"column\" data-e-type=\"column\">\n\t\t\t<div class=\"elementor-widget-wrap elementor-element-populated\">\n\t\t\t\t\t\t\t<\/div>\n\t\t<\/div>\n\t\t\t\t\t<\/div>\n\t\t<\/section>\n\t\t\t\t<section class=\"elementor-section elementor-top-section elementor-element elementor-element-5edc2ab3 elementor-section-boxed elementor-section-height-default elementor-section-height-default\" data-id=\"5edc2ab3\" data-element_type=\"section\" data-e-type=\"section\">\n\t\t\t\t\t\t<div class=\"elementor-container elementor-column-gap-default\">\n\t\t\t\t\t<div class=\"elementor-column elementor-col-100 elementor-top-column elementor-element elementor-element-2ec87462\" data-id=\"2ec87462\" data-element_type=\"column\" data-e-type=\"column\">\n\t\t\t<div class=\"elementor-widget-wrap elementor-element-populated\">\n\t\t\t\t\t\t<div class=\"elementor-element elementor-element-20938354 elementor-widget elementor-widget-text-editor\" data-id=\"20938354\" data-element_type=\"widget\" data-e-type=\"widget\" data-widget_type=\"text-editor.default\">\n\t\t\t\t<div class=\"elementor-widget-container\">\n\t\t\t\t\t\t\t\t\t<p><\/p>\n<h2 class=\"wp-block-heading\">KONTAKTADRESSEN<\/h2>\n<p><\/p>\n<p><\/p>\n<p><\/p>\n<p><\/p>\n<p>Inhaber und verantwortliche Person f\u00fcr redaktionelle Inhalte im Bereich Therapie:<\/p>\n<p><span style=\"color: var( --e-global-color-text ); font-family: var( --e-global-typography-text-font-family ), Sans-serif; font-size: var( --e-global-typography-text-font-size ); letter-spacing: var( --e-global-typography-text-letter-spacing );\">Kaj Niggli<br \/><\/span>Bachlettenstrasse 39<br \/>4054 Basel<br \/>Schweiz<\/p>\n<p><\/p>\n<p><\/p>\n<p><a href=\"tel:+41789517799\">+41 78 951 77 99<\/a><br \/><a href=\"mailto:kaj.niggli@ruecken-therapie-training.ch\">kaj.niggli@ruecken-therapie-training.ch<\/a><\/p>\n<p><\/p>\n<p><\/p>\n<p>Inhaberin und verantwortliche Person f\u00fcr redaktionelle Inhalte im Bereich Training:<\/p>\n<p><\/p>\n<p><\/p>\n<p>Caroline Jaggi<br \/>Bachlettenstrasse 39<br \/>4054 Basel<br \/>Schweiz<\/p>\n<p><\/p>\n<p><\/p>\n<p><a href=\"tel:+41765382528\">+41 76 538 25 28<\/a><br \/><a href=\"mailto:caroline.jaggi@ruecken-training.ch\">caroline.jaggi@ruecken-training.ch<\/a><\/p>\n<p><\/p>\n<p><\/p>\n<p><\/p>\n<p><\/p>\n<h2 class=\"wp-block-heading\">\u00a0<\/h2>\n<h2>HAFTUNGSAUSSCHLUSS<\/h2>\n<p><\/p>\n<p><\/p>\n<p>Der Autor \u00fcbernimmt keinerlei Gew\u00e4hr hinsichtlich der inhaltlichen Richtigkeit, Genauigkeit, Aktualit\u00e4t, Zuverl\u00e4ssigkeit und Vollst\u00e4ndigkeit der Informationen.<br \/>Haftungsanspr\u00fcche gegen den Autor wegen Sch\u00e4den materieller oder immaterieller Art, welche aus dem Zugriff oder der Nutzung bzw. Nichtnutzung der ver\u00f6ffentlichten Informationen, durch Missbrauch der Verbindung oder durch technische St\u00f6rungen entstanden sind, werden ausgeschlossen.<\/p>\n<p><\/p>\n<p><\/p>\n<p>Alle Angebote sind unverbindlich. Der Autor beh\u00e4lt es sich ausdr\u00fccklich vor, Teile der Seiten oder das gesamte Angebot ohne gesonderte Ank\u00fcndigung zu ver\u00e4ndern, zu erg\u00e4nzen, zu l\u00f6schen oder die Ver\u00f6ffentlichung zeitweise oder endg\u00fcltig einzustellen.<\/p>\n<p><\/p>\n<p><\/p>\n<h2 class=\"wp-block-heading\">\u00a0<\/h2>\n<h2>HAFTUNG F\u00dcR LINKS<\/h2>\n<p><\/p>\n<p><\/p>\n<p>Verweise und Links auf Webseiten Dritter liegen ausserhalb unseres Verantwortungsbereichs Es wird jegliche Verantwortung f\u00fcr solche Webseiten abgelehnt. Der Zugriff und die Nutzung solcher Webseiten erfolgen auf eigene Gefahr des Nutzers oder der Nutzerin.<\/p>\n<p><\/p>\n<p><\/p>\n<h2 class=\"wp-block-heading\">\u00a0<\/h2>\n<h2>URHEBERRECHTE<\/h2>\n<p><\/p>\n<p><\/p>\n<p>Die Urheber- und alle anderen Rechte an Inhalten, Bildern, Fotos oder anderen Dateien auf der Website geh\u00f6ren ausschliesslich Caroline Jaggi oder den speziell genannten Rechtsinhabern. F\u00fcr die Reproduktion jeglicher Elemente ist die schriftliche Zustimmung der Urheberrechtstr\u00e4ger im Voraus einzuholen.<\/p>\n<p><\/p>\t\t\t\t\t\t\t\t<\/div>\n\t\t\t\t<\/div>\n\t\t\t\t\t<\/div>\n\t\t<\/div>\n\t\t\t\t\t<\/div>\n\t\t<\/section>\n\t\t\t\t<\/div>\n\t\t","protected":false},"excerpt":{"rendered":"<p>KONTAKTADRESSEN Inhaber und verantwortliche Person f\u00fcr redaktionelle Inhalte im Bereich Therapie: Kaj NiggliBachlettenstrasse 394054 BaselSchweiz +41 78 951 77 99kaj.niggli@ruecken-therapie-training.ch Inhaberin und verantwortliche Person f\u00fcr redaktionelle Inhalte im Bereich Training: Caroline JaggiBachlettenstrasse 394054 BaselSchweiz +41 76 538 25 28caroline.jaggi@ruecken-training.ch \u00a0 HAFTUNGSAUSSCHLUSS Der Autor \u00fcbernimmt keinerlei Gew\u00e4hr hinsichtlich der inhaltlichen Richtigkeit, Genauigkeit, Aktualit\u00e4t, Zuverl\u00e4ssigkeit und Vollst\u00e4ndigkeit [&hellip;]<\/p>\n","protected":false},"author":1,"featured_media":0,"parent":0,"menu_order":0,"comment_status":"closed","ping_status":"closed","template":"elementor_header_footer","meta":{"footnotes":""},"class_list":["post-641","page","type-page","status-publish","hentry"],"yoast_head":"<!-- This site is optimized with the Yoast SEO plugin v27.4 - https:\/\/yoast.com\/product\/yoast-seo-wordpress\/ -->\n<title>Impressum | Rueckentherapie Rueckentraining<\/title>\n<meta name=\"robots\" content=\"index, follow, max-snippet:-1, max-image-preview:large, max-video-preview:-1\" \/>\n<link rel=\"canonical\" href=\"https:\/\/ruecken-therapie-training.ch\/basel-bern\/impressum\/\" \/>\n<meta property=\"og:locale\" content=\"de_DE\" \/>\n<meta property=\"og:type\" content=\"article\" \/>\n<meta property=\"og:title\" content=\"Impressum | Rueckentherapie Rueckentraining\" \/>\n<meta property=\"og:description\" content=\"KONTAKTADRESSEN Inhaber und verantwortliche Person f\u00fcr redaktionelle Inhalte im Bereich Therapie: Kaj NiggliBachlettenstrasse 394054 BaselSchweiz +41 78 951 77 99kaj.niggli@ruecken-therapie-training.ch Inhaberin und verantwortliche Person f\u00fcr redaktionelle Inhalte im Bereich Training: Caroline JaggiBachlettenstrasse 394054 BaselSchweiz +41 76 538 25 28caroline.jaggi@ruecken-training.ch \u00a0 HAFTUNGSAUSSCHLUSS Der Autor \u00fcbernimmt keinerlei Gew\u00e4hr hinsichtlich der inhaltlichen Richtigkeit, Genauigkeit, Aktualit\u00e4t, Zuverl\u00e4ssigkeit und Vollst\u00e4ndigkeit [&hellip;]\" \/>\n<meta property=\"og:url\" content=\"https:\/\/ruecken-therapie-training.ch\/basel-bern\/impressum\/\" \/>\n<meta property=\"og:site_name\" content=\"Rueckentherapie Rueckentraining\" \/>\n<meta property=\"article:modified_time\" content=\"2021-10-06T07:32:37+00:00\" \/>\n<meta name=\"twitter:card\" content=\"summary_large_image\" \/>\n<meta name=\"twitter:label1\" content=\"Gesch\u00e4tzte Lesezeit\" \/>\n\t<meta name=\"twitter:data1\" content=\"1\u00a0Minute\" \/>\n<script type=\"application\/ld+json\" class=\"yoast-schema-graph\">{\"@context\":\"https:\\\/\\\/schema.org\",\"@graph\":[{\"@type\":\"WebPage\",\"@id\":\"https:\\\/\\\/ruecken-therapie-training.ch\\\/basel-bern\\\/impressum\\\/\",\"url\":\"https:\\\/\\\/ruecken-therapie-training.ch\\\/basel-bern\\\/impressum\\\/\",\"name\":\"Impressum | Rueckentherapie Rueckentraining\",\"isPartOf\":{\"@id\":\"https:\\\/\\\/ruecken-therapie-training.ch\\\/basel-bern\\\/#website\"},\"datePublished\":\"2021-07-24T10:47:17+00:00\",\"dateModified\":\"2021-10-06T07:32:37+00:00\",\"breadcrumb\":{\"@id\":\"https:\\\/\\\/ruecken-therapie-training.ch\\\/basel-bern\\\/impressum\\\/#breadcrumb\"},\"inLanguage\":\"de\",\"potentialAction\":[{\"@type\":\"ReadAction\",\"target\":[\"https:\\\/\\\/ruecken-therapie-training.ch\\\/basel-bern\\\/impressum\\\/\"]}]},{\"@type\":\"BreadcrumbList\",\"@id\":\"https:\\\/\\\/ruecken-therapie-training.ch\\\/basel-bern\\\/impressum\\\/#breadcrumb\",\"itemListElement\":[{\"@type\":\"ListItem\",\"position\":1,\"name\":\"Startseite\",\"item\":\"https:\\\/\\\/ruecken-therapie-training.ch\\\/basel-bern\\\/\"},{\"@type\":\"ListItem\",\"position\":2,\"name\":\"Impressum\"}]},{\"@type\":\"WebSite\",\"@id\":\"https:\\\/\\\/ruecken-therapie-training.ch\\\/basel-bern\\\/#website\",\"url\":\"https:\\\/\\\/ruecken-therapie-training.ch\\\/basel-bern\\\/\",\"name\":\"Rueckentherapie Rueckentraining\",\"description\":\"in Basel und Bern\",\"publisher\":{\"@id\":\"https:\\\/\\\/ruecken-therapie-training.ch\\\/basel-bern\\\/#organization\"},\"potentialAction\":[{\"@type\":\"SearchAction\",\"target\":{\"@type\":\"EntryPoint\",\"urlTemplate\":\"https:\\\/\\\/ruecken-therapie-training.ch\\\/basel-bern\\\/?s={search_term_string}\"},\"query-input\":{\"@type\":\"PropertyValueSpecification\",\"valueRequired\":true,\"valueName\":\"search_term_string\"}}],\"inLanguage\":\"de\"},{\"@type\":\"Organization\",\"@id\":\"https:\\\/\\\/ruecken-therapie-training.ch\\\/basel-bern\\\/#organization\",\"name\":\"R\u00fccken - Therapie - Training in Basel & Bern\",\"url\":\"https:\\\/\\\/ruecken-therapie-training.ch\\\/basel-bern\\\/\",\"logo\":{\"@type\":\"ImageObject\",\"inLanguage\":\"de\",\"@id\":\"https:\\\/\\\/ruecken-therapie-training.ch\\\/basel-bern\\\/#\\\/schema\\\/logo\\\/image\\\/\",\"url\":\"https:\\\/\\\/ruecken-therapie-training.ch\\\/basel-bern\\\/wp-content\\\/uploads\\\/2021\\\/07\\\/ruecken-therapie-training-high-res-logo.png\",\"contentUrl\":\"https:\\\/\\\/ruecken-therapie-training.ch\\\/basel-bern\\\/wp-content\\\/uploads\\\/2021\\\/07\\\/ruecken-therapie-training-high-res-logo.png\",\"width\":1600,\"height\":1333,\"caption\":\"R\u00fccken - Therapie - Training in Basel & Bern\"},\"image\":{\"@id\":\"https:\\\/\\\/ruecken-therapie-training.ch\\\/basel-bern\\\/#\\\/schema\\\/logo\\\/image\\\/\"}}]}<\/script>\n<!-- \/ Yoast SEO plugin. -->","yoast_head_json":{"title":"Impressum | Rueckentherapie Rueckentraining","robots":{"index":"index","follow":"follow","max-snippet":"max-snippet:-1","max-image-preview":"max-image-preview:large","max-video-preview":"max-video-preview:-1"},"canonical":"https:\/\/ruecken-therapie-training.ch\/basel-bern\/impressum\/","og_locale":"de_DE","og_type":"article","og_title":"Impressum | Rueckentherapie Rueckentraining","og_description":"KONTAKTADRESSEN Inhaber und verantwortliche Person f\u00fcr redaktionelle Inhalte im Bereich Therapie: Kaj NiggliBachlettenstrasse 394054 BaselSchweiz +41 78 951 77 99kaj.niggli@ruecken-therapie-training.ch Inhaberin und verantwortliche Person f\u00fcr redaktionelle Inhalte im Bereich Training: Caroline JaggiBachlettenstrasse 394054 BaselSchweiz +41 76 538 25 28caroline.jaggi@ruecken-training.ch \u00a0 HAFTUNGSAUSSCHLUSS Der Autor \u00fcbernimmt keinerlei Gew\u00e4hr hinsichtlich der inhaltlichen Richtigkeit, Genauigkeit, Aktualit\u00e4t, Zuverl\u00e4ssigkeit und Vollst\u00e4ndigkeit [&hellip;]","og_url":"https:\/\/ruecken-therapie-training.ch\/basel-bern\/impressum\/","og_site_name":"Rueckentherapie Rueckentraining","article_modified_time":"2021-10-06T07:32:37+00:00","twitter_card":"summary_large_image","twitter_misc":{"Gesch\u00e4tzte Lesezeit":"1\u00a0Minute"},"schema":{"@context":"https:\/\/schema.org","@graph":[{"@type":"WebPage","@id":"https:\/\/ruecken-therapie-training.ch\/basel-bern\/impressum\/","url":"https:\/\/ruecken-therapie-training.ch\/basel-bern\/impressum\/","name":"Impressum | Rueckentherapie Rueckentraining","isPartOf":{"@id":"https:\/\/ruecken-therapie-training.ch\/basel-bern\/#website"},"datePublished":"2021-07-24T10:47:17+00:00","dateModified":"2021-10-06T07:32:37+00:00","breadcrumb":{"@id":"https:\/\/ruecken-therapie-training.ch\/basel-bern\/impressum\/#breadcrumb"},"inLanguage":"de","potentialAction":[{"@type":"ReadAction","target":["https:\/\/ruecken-therapie-training.ch\/basel-bern\/impressum\/"]}]},{"@type":"BreadcrumbList","@id":"https:\/\/ruecken-therapie-training.ch\/basel-bern\/impressum\/#breadcrumb","itemListElement":[{"@type":"ListItem","position":1,"name":"Startseite","item":"https:\/\/ruecken-therapie-training.ch\/basel-bern\/"},{"@type":"ListItem","position":2,"name":"Impressum"}]},{"@type":"WebSite","@id":"https:\/\/ruecken-therapie-training.ch\/basel-bern\/#website","url":"https:\/\/ruecken-therapie-training.ch\/basel-bern\/","name":"Rueckentherapie Rueckentraining","description":"in Basel und Bern","publisher":{"@id":"https:\/\/ruecken-therapie-training.ch\/basel-bern\/#organization"},"potentialAction":[{"@type":"SearchAction","target":{"@type":"EntryPoint","urlTemplate":"https:\/\/ruecken-therapie-training.ch\/basel-bern\/?s={search_term_string}"},"query-input":{"@type":"PropertyValueSpecification","valueRequired":true,"valueName":"search_term_string"}}],"inLanguage":"de"},{"@type":"Organization","@id":"https:\/\/ruecken-therapie-training.ch\/basel-bern\/#organization","name":"R\u00fccken - Therapie - Training in Basel & Bern","url":"https:\/\/ruecken-therapie-training.ch\/basel-bern\/","logo":{"@type":"ImageObject","inLanguage":"de","@id":"https:\/\/ruecken-therapie-training.ch\/basel-bern\/#\/schema\/logo\/image\/","url":"https:\/\/ruecken-therapie-training.ch\/basel-bern\/wp-content\/uploads\/2021\/07\/ruecken-therapie-training-high-res-logo.png","contentUrl":"https:\/\/ruecken-therapie-training.ch\/basel-bern\/wp-content\/uploads\/2021\/07\/ruecken-therapie-training-high-res-logo.png","width":1600,"height":1333,"caption":"R\u00fccken - Therapie - Training in Basel & Bern"},"image":{"@id":"https:\/\/ruecken-therapie-training.ch\/basel-bern\/#\/schema\/logo\/image\/"}}]}},"_links":{"self":[{"href":"https:\/\/ruecken-therapie-training.ch\/basel-bern\/wp-json\/wp\/v2\/pages\/641","targetHints":{"allow":["GET"]}}],"collection":[{"href":"https:\/\/ruecken-therapie-training.ch\/basel-bern\/wp-json\/wp\/v2\/pages"}],"about":[{"href":"https:\/\/ruecken-therapie-training.ch\/basel-bern\/wp-json\/wp\/v2\/types\/page"}],"author":[{"embeddable":true,"href":"https:\/\/ruecken-therapie-training.ch\/basel-bern\/wp-json\/wp\/v2\/users\/1"}],"replies":[{"embeddable":true,"href":"https:\/\/ruecken-therapie-training.ch\/basel-bern\/wp-json\/wp\/v2\/comments?post=641"}],"version-history":[{"count":6,"href":"https:\/\/ruecken-therapie-training.ch\/basel-bern\/wp-json\/wp\/v2\/pages\/641\/revisions"}],"predecessor-version":[{"id":2685,"href":"https:\/\/ruecken-therapie-training.ch\/basel-bern\/wp-json\/wp\/v2\/pages\/641\/revisions\/2685"}],"wp:attachment":[{"href":"https:\/\/ruecken-therapie-training.ch\/basel-bern\/wp-json\/wp\/v2\/media?parent=641"}],"curies":[{"name":"wp","href":"https:\/\/api.w.org\/{rel}","templated":true}]}}