{"id":1805,"date":"2021-09-27T16:15:26","date_gmt":"2021-09-27T16:15:26","guid":{"rendered":"https:\/\/ruecken-therapie-training.ch\/basel-bern\/?page_id=1805"},"modified":"2021-10-06T09:38:02","modified_gmt":"2021-10-06T09:38:02","slug":"kosten-training","status":"publish","type":"page","link":"https:\/\/ruecken-therapie-training.ch\/basel-bern\/kosten-training\/","title":{"rendered":"Kosten Training"},"content":{"rendered":"\t\t<div data-elementor-type=\"wp-page\" data-elementor-id=\"1805\" class=\"elementor elementor-1805\" data-elementor-post-type=\"page\">\n\t\t\t\t\t\t<section class=\"elementor-section elementor-top-section elementor-element elementor-element-acf8fbd elementor-section-full_width elementor-section-height-default elementor-section-height-default\" data-id=\"acf8fbd\" data-element_type=\"section\" data-e-type=\"section\">\n\t\t\t\t\t\t<div class=\"elementor-container elementor-column-gap-default\">\n\t\t\t\t\t<div class=\"elementor-column elementor-col-100 elementor-top-column elementor-element elementor-element-464f8486\" data-id=\"464f8486\" data-element_type=\"column\" data-e-type=\"column\">\n\t\t\t<div class=\"elementor-widget-wrap elementor-element-populated\">\n\t\t\t\t\t\t\t<\/div>\n\t\t<\/div>\n\t\t\t\t\t<\/div>\n\t\t<\/section>\n\t\t\t\t<section class=\"elementor-section elementor-top-section elementor-element elementor-element-7e5175c8 elementor-section-boxed elementor-section-height-default elementor-section-height-default elementor-invisible\" data-id=\"7e5175c8\" data-element_type=\"section\" data-e-type=\"section\" data-settings=\"{&quot;animation&quot;:&quot;zoomIn&quot;}\">\n\t\t\t\t\t\t<div class=\"elementor-container elementor-column-gap-default\">\n\t\t\t\t\t<div class=\"elementor-column elementor-col-100 elementor-top-column elementor-element elementor-element-bf790ef\" data-id=\"bf790ef\" data-element_type=\"column\" data-e-type=\"column\">\n\t\t\t<div class=\"elementor-widget-wrap elementor-element-populated\">\n\t\t\t\t\t\t<div class=\"elementor-element elementor-element-2821c4d6 elementor-widget elementor-widget-text-editor\" data-id=\"2821c4d6\" data-element_type=\"widget\" data-e-type=\"widget\" data-widget_type=\"text-editor.default\">\n\t\t\t\t<div class=\"elementor-widget-container\">\n\t\t\t\t\t\t\t\t\t<p><strong>KOSTENBEITR\u00c4GE GRUPPENKURSE<\/strong><\/p><p>Viele Zusatzversicherungen erstatten Beitr\u00e4ge f\u00fcr Gesundheitsf\u00f6rderung (ca. CHF 100.- bis 300.- pro Jahr).<br \/>Erkundigen Sie sich bitte bei Ihrer Versicherung nach:<br \/>\u201eSpineCare \/ R\u00fcckengymnastik Caroline Jaggi, BGB Aktivmitglied Nr. 7829\u201c<\/p><p><strong>Kurse in Aesch:<\/strong><\/p><ul><li>R\u00fcckenFit: CHF 15,- pro Letkion<\/li><li>BodyToning: CHF 15,- pro Lektion<\/li><\/ul><p>\u00a0<\/p><p><strong>Kurse in Basel:<\/strong><\/p><ul><li>Sanfte Gymnastik: CHF 20,- pro Lektion<\/li><li>FitGym: CHF 24,- pro Lektion<\/li><li>Muskelkettentraining: CHF 28,- pro Lektion (6er Abo) \/ CHF 20,- pro Lektion (Jahresabo)<\/li><\/ul><p>\u00a0<\/p><p><strong>&gt;&gt; Termine k\u00f6nnen bis 24 Stunden im Voraus kostenlos abgesagt werden.<\/strong><\/p><p><br \/><strong>PERSONAL TRAINING:\u00a0<\/strong>CHF 120,- pro Stunde<\/p><p><strong>MASSAGE:<\/strong>\u00a0CHF 120,- pro Stunde (EMR und ASCA anerkannt)<\/p><p><strong>KOSTENBEITR\u00c4GE THERAPIE\/MASSAGE<br \/><\/strong>Ich bin von allen Krankenkassen anerkannt, die beim EMR oder bei der ASCA angeschlossen sind. Wenn Sie eine Zusatzversicherung haben, \u00fcbernimmt diese in den meisten F\u00e4llen einen Teil der Behandlungskosten.<br \/>Bitte erkundigen Sie sich bei Ihrer Versicherung \u00fcber die Kostenbeteiligung f\u00fcr die Methode:<br \/><br \/><em>\u201eKlassische Massage, Caroline Jaggi, ZSR Nr. I161263\u201c<\/em><\/p>\t\t\t\t\t\t\t\t<\/div>\n\t\t\t\t<\/div>\n\t\t\t\t\t<\/div>\n\t\t<\/div>\n\t\t\t\t\t<\/div>\n\t\t<\/section>\n\t\t\t\t<\/div>\n\t\t","protected":false},"excerpt":{"rendered":"<p>KOSTENBEITR\u00c4GE GRUPPENKURSE Viele Zusatzversicherungen erstatten Beitr\u00e4ge f\u00fcr Gesundheitsf\u00f6rderung (ca. CHF 100.- bis 300.- pro Jahr).Erkundigen Sie sich bitte bei Ihrer Versicherung nach:\u201eSpineCare \/ R\u00fcckengymnastik Caroline Jaggi, BGB Aktivmitglied Nr. 7829\u201c Kurse in Aesch: R\u00fcckenFit: CHF 15,- pro Letkion BodyToning: CHF 15,- pro Lektion \u00a0 Kurse in Basel: Sanfte Gymnastik: CHF 20,- pro Lektion FitGym: CHF [&hellip;]<\/p>\n","protected":false},"author":1,"featured_media":0,"parent":0,"menu_order":0,"comment_status":"closed","ping_status":"closed","template":"elementor_header_footer","meta":{"footnotes":""},"class_list":["post-1805","page","type-page","status-publish","hentry"],"yoast_head":"<!-- This site is optimized with the Yoast SEO plugin v27.4 - https:\/\/yoast.com\/product\/yoast-seo-wordpress\/ -->\n<title>Kosten Training | Rueckentherapie Rueckentraining<\/title>\n<meta name=\"robots\" content=\"index, follow, max-snippet:-1, max-image-preview:large, max-video-preview:-1\" \/>\n<link rel=\"canonical\" href=\"https:\/\/ruecken-therapie-training.ch\/basel-bern\/kosten-training\/\" \/>\n<meta property=\"og:locale\" content=\"de_DE\" \/>\n<meta property=\"og:type\" content=\"article\" \/>\n<meta property=\"og:title\" content=\"Kosten Training | Rueckentherapie Rueckentraining\" \/>\n<meta property=\"og:description\" content=\"KOSTENBEITR\u00c4GE GRUPPENKURSE Viele Zusatzversicherungen erstatten Beitr\u00e4ge f\u00fcr Gesundheitsf\u00f6rderung (ca. CHF 100.- bis 300.- pro Jahr).Erkundigen Sie sich bitte bei Ihrer Versicherung nach:\u201eSpineCare \/ R\u00fcckengymnastik Caroline Jaggi, BGB Aktivmitglied Nr. 7829\u201c Kurse in Aesch: R\u00fcckenFit: CHF 15,- pro Letkion BodyToning: CHF 15,- pro Lektion \u00a0 Kurse in Basel: Sanfte Gymnastik: CHF 20,- pro Lektion FitGym: CHF [&hellip;]\" \/>\n<meta property=\"og:url\" content=\"https:\/\/ruecken-therapie-training.ch\/basel-bern\/kosten-training\/\" \/>\n<meta property=\"og:site_name\" content=\"Rueckentherapie Rueckentraining\" \/>\n<meta property=\"article:modified_time\" content=\"2021-10-06T09:38:02+00:00\" \/>\n<meta name=\"twitter:card\" content=\"summary_large_image\" \/>\n<meta name=\"twitter:label1\" content=\"Gesch\u00e4tzte Lesezeit\" \/>\n\t<meta name=\"twitter:data1\" content=\"1\u00a0Minute\" \/>\n<script type=\"application\/ld+json\" class=\"yoast-schema-graph\">{\"@context\":\"https:\\\/\\\/schema.org\",\"@graph\":[{\"@type\":\"WebPage\",\"@id\":\"https:\\\/\\\/ruecken-therapie-training.ch\\\/basel-bern\\\/kosten-training\\\/\",\"url\":\"https:\\\/\\\/ruecken-therapie-training.ch\\\/basel-bern\\\/kosten-training\\\/\",\"name\":\"Kosten Training | Rueckentherapie Rueckentraining\",\"isPartOf\":{\"@id\":\"https:\\\/\\\/ruecken-therapie-training.ch\\\/basel-bern\\\/#website\"},\"datePublished\":\"2021-09-27T16:15:26+00:00\",\"dateModified\":\"2021-10-06T09:38:02+00:00\",\"breadcrumb\":{\"@id\":\"https:\\\/\\\/ruecken-therapie-training.ch\\\/basel-bern\\\/kosten-training\\\/#breadcrumb\"},\"inLanguage\":\"de\",\"potentialAction\":[{\"@type\":\"ReadAction\",\"target\":[\"https:\\\/\\\/ruecken-therapie-training.ch\\\/basel-bern\\\/kosten-training\\\/\"]}]},{\"@type\":\"BreadcrumbList\",\"@id\":\"https:\\\/\\\/ruecken-therapie-training.ch\\\/basel-bern\\\/kosten-training\\\/#breadcrumb\",\"itemListElement\":[{\"@type\":\"ListItem\",\"position\":1,\"name\":\"Startseite\",\"item\":\"https:\\\/\\\/ruecken-therapie-training.ch\\\/basel-bern\\\/\"},{\"@type\":\"ListItem\",\"position\":2,\"name\":\"Kosten Training\"}]},{\"@type\":\"WebSite\",\"@id\":\"https:\\\/\\\/ruecken-therapie-training.ch\\\/basel-bern\\\/#website\",\"url\":\"https:\\\/\\\/ruecken-therapie-training.ch\\\/basel-bern\\\/\",\"name\":\"Rueckentherapie Rueckentraining\",\"description\":\"in Basel und Bern\",\"publisher\":{\"@id\":\"https:\\\/\\\/ruecken-therapie-training.ch\\\/basel-bern\\\/#organization\"},\"potentialAction\":[{\"@type\":\"SearchAction\",\"target\":{\"@type\":\"EntryPoint\",\"urlTemplate\":\"https:\\\/\\\/ruecken-therapie-training.ch\\\/basel-bern\\\/?s={search_term_string}\"},\"query-input\":{\"@type\":\"PropertyValueSpecification\",\"valueRequired\":true,\"valueName\":\"search_term_string\"}}],\"inLanguage\":\"de\"},{\"@type\":\"Organization\",\"@id\":\"https:\\\/\\\/ruecken-therapie-training.ch\\\/basel-bern\\\/#organization\",\"name\":\"R\u00fccken - Therapie - Training in Basel & Bern\",\"url\":\"https:\\\/\\\/ruecken-therapie-training.ch\\\/basel-bern\\\/\",\"logo\":{\"@type\":\"ImageObject\",\"inLanguage\":\"de\",\"@id\":\"https:\\\/\\\/ruecken-therapie-training.ch\\\/basel-bern\\\/#\\\/schema\\\/logo\\\/image\\\/\",\"url\":\"https:\\\/\\\/ruecken-therapie-training.ch\\\/basel-bern\\\/wp-content\\\/uploads\\\/2021\\\/07\\\/ruecken-therapie-training-high-res-logo.png\",\"contentUrl\":\"https:\\\/\\\/ruecken-therapie-training.ch\\\/basel-bern\\\/wp-content\\\/uploads\\\/2021\\\/07\\\/ruecken-therapie-training-high-res-logo.png\",\"width\":1600,\"height\":1333,\"caption\":\"R\u00fccken - Therapie - Training in Basel & Bern\"},\"image\":{\"@id\":\"https:\\\/\\\/ruecken-therapie-training.ch\\\/basel-bern\\\/#\\\/schema\\\/logo\\\/image\\\/\"}}]}<\/script>\n<!-- \/ Yoast SEO plugin. -->","yoast_head_json":{"title":"Kosten Training | Rueckentherapie Rueckentraining","robots":{"index":"index","follow":"follow","max-snippet":"max-snippet:-1","max-image-preview":"max-image-preview:large","max-video-preview":"max-video-preview:-1"},"canonical":"https:\/\/ruecken-therapie-training.ch\/basel-bern\/kosten-training\/","og_locale":"de_DE","og_type":"article","og_title":"Kosten Training | Rueckentherapie Rueckentraining","og_description":"KOSTENBEITR\u00c4GE GRUPPENKURSE Viele Zusatzversicherungen erstatten Beitr\u00e4ge f\u00fcr Gesundheitsf\u00f6rderung (ca. CHF 100.- bis 300.- pro Jahr).Erkundigen Sie sich bitte bei Ihrer Versicherung nach:\u201eSpineCare \/ R\u00fcckengymnastik Caroline Jaggi, BGB Aktivmitglied Nr. 7829\u201c Kurse in Aesch: R\u00fcckenFit: CHF 15,- pro Letkion BodyToning: CHF 15,- pro Lektion \u00a0 Kurse in Basel: Sanfte Gymnastik: CHF 20,- pro Lektion FitGym: CHF [&hellip;]","og_url":"https:\/\/ruecken-therapie-training.ch\/basel-bern\/kosten-training\/","og_site_name":"Rueckentherapie Rueckentraining","article_modified_time":"2021-10-06T09:38:02+00:00","twitter_card":"summary_large_image","twitter_misc":{"Gesch\u00e4tzte Lesezeit":"1\u00a0Minute"},"schema":{"@context":"https:\/\/schema.org","@graph":[{"@type":"WebPage","@id":"https:\/\/ruecken-therapie-training.ch\/basel-bern\/kosten-training\/","url":"https:\/\/ruecken-therapie-training.ch\/basel-bern\/kosten-training\/","name":"Kosten Training | Rueckentherapie Rueckentraining","isPartOf":{"@id":"https:\/\/ruecken-therapie-training.ch\/basel-bern\/#website"},"datePublished":"2021-09-27T16:15:26+00:00","dateModified":"2021-10-06T09:38:02+00:00","breadcrumb":{"@id":"https:\/\/ruecken-therapie-training.ch\/basel-bern\/kosten-training\/#breadcrumb"},"inLanguage":"de","potentialAction":[{"@type":"ReadAction","target":["https:\/\/ruecken-therapie-training.ch\/basel-bern\/kosten-training\/"]}]},{"@type":"BreadcrumbList","@id":"https:\/\/ruecken-therapie-training.ch\/basel-bern\/kosten-training\/#breadcrumb","itemListElement":[{"@type":"ListItem","position":1,"name":"Startseite","item":"https:\/\/ruecken-therapie-training.ch\/basel-bern\/"},{"@type":"ListItem","position":2,"name":"Kosten Training"}]},{"@type":"WebSite","@id":"https:\/\/ruecken-therapie-training.ch\/basel-bern\/#website","url":"https:\/\/ruecken-therapie-training.ch\/basel-bern\/","name":"Rueckentherapie Rueckentraining","description":"in Basel und Bern","publisher":{"@id":"https:\/\/ruecken-therapie-training.ch\/basel-bern\/#organization"},"potentialAction":[{"@type":"SearchAction","target":{"@type":"EntryPoint","urlTemplate":"https:\/\/ruecken-therapie-training.ch\/basel-bern\/?s={search_term_string}"},"query-input":{"@type":"PropertyValueSpecification","valueRequired":true,"valueName":"search_term_string"}}],"inLanguage":"de"},{"@type":"Organization","@id":"https:\/\/ruecken-therapie-training.ch\/basel-bern\/#organization","name":"R\u00fccken - Therapie - Training in Basel & Bern","url":"https:\/\/ruecken-therapie-training.ch\/basel-bern\/","logo":{"@type":"ImageObject","inLanguage":"de","@id":"https:\/\/ruecken-therapie-training.ch\/basel-bern\/#\/schema\/logo\/image\/","url":"https:\/\/ruecken-therapie-training.ch\/basel-bern\/wp-content\/uploads\/2021\/07\/ruecken-therapie-training-high-res-logo.png","contentUrl":"https:\/\/ruecken-therapie-training.ch\/basel-bern\/wp-content\/uploads\/2021\/07\/ruecken-therapie-training-high-res-logo.png","width":1600,"height":1333,"caption":"R\u00fccken - Therapie - Training in Basel & Bern"},"image":{"@id":"https:\/\/ruecken-therapie-training.ch\/basel-bern\/#\/schema\/logo\/image\/"}}]}},"_links":{"self":[{"href":"https:\/\/ruecken-therapie-training.ch\/basel-bern\/wp-json\/wp\/v2\/pages\/1805","targetHints":{"allow":["GET"]}}],"collection":[{"href":"https:\/\/ruecken-therapie-training.ch\/basel-bern\/wp-json\/wp\/v2\/pages"}],"about":[{"href":"https:\/\/ruecken-therapie-training.ch\/basel-bern\/wp-json\/wp\/v2\/types\/page"}],"author":[{"embeddable":true,"href":"https:\/\/ruecken-therapie-training.ch\/basel-bern\/wp-json\/wp\/v2\/users\/1"}],"replies":[{"embeddable":true,"href":"https:\/\/ruecken-therapie-training.ch\/basel-bern\/wp-json\/wp\/v2\/comments?post=1805"}],"version-history":[{"count":10,"href":"https:\/\/ruecken-therapie-training.ch\/basel-bern\/wp-json\/wp\/v2\/pages\/1805\/revisions"}],"predecessor-version":[{"id":2766,"href":"https:\/\/ruecken-therapie-training.ch\/basel-bern\/wp-json\/wp\/v2\/pages\/1805\/revisions\/2766"}],"wp:attachment":[{"href":"https:\/\/ruecken-therapie-training.ch\/basel-bern\/wp-json\/wp\/v2\/media?parent=1805"}],"curies":[{"name":"wp","href":"https:\/\/api.w.org\/{rel}","templated":true}]}}