{"id":1765,"date":"2021-09-27T14:52:38","date_gmt":"2021-09-27T14:52:38","guid":{"rendered":"https:\/\/ruecken-therapie-training.ch\/basel-bern\/?page_id=1765"},"modified":"2021-10-06T09:43:16","modified_gmt":"2021-10-06T09:43:16","slug":"kaj-niggli","status":"publish","type":"page","link":"https:\/\/ruecken-therapie-training.ch\/basel-bern\/kaj-niggli\/","title":{"rendered":"Kaj Niggli"},"content":{"rendered":"\t\t<div data-elementor-type=\"wp-page\" data-elementor-id=\"1765\" class=\"elementor elementor-1765\" data-elementor-post-type=\"page\">\n\t\t\t\t\t\t<section class=\"elementor-section elementor-top-section elementor-element elementor-element-371707a8 elementor-section-full_width elementor-section-height-default elementor-section-height-default\" data-id=\"371707a8\" data-element_type=\"section\" data-e-type=\"section\">\n\t\t\t\t\t\t<div class=\"elementor-container elementor-column-gap-default\">\n\t\t\t\t\t<div class=\"elementor-column elementor-col-100 elementor-top-column elementor-element elementor-element-254377af\" data-id=\"254377af\" data-element_type=\"column\" data-e-type=\"column\">\n\t\t\t<div class=\"elementor-widget-wrap elementor-element-populated\">\n\t\t\t\t\t\t\t<\/div>\n\t\t<\/div>\n\t\t\t\t\t<\/div>\n\t\t<\/section>\n\t\t\t\t<section class=\"elementor-section elementor-top-section elementor-element elementor-element-7ece51c7 elementor-reverse-mobile elementor-section-boxed elementor-section-height-default elementor-section-height-default\" data-id=\"7ece51c7\" data-element_type=\"section\" data-e-type=\"section\">\n\t\t\t\t\t\t<div class=\"elementor-container elementor-column-gap-default\">\n\t\t\t\t\t<div class=\"elementor-column elementor-col-50 elementor-top-column elementor-element elementor-element-2cce0cdc\" data-id=\"2cce0cdc\" data-element_type=\"column\" data-e-type=\"column\">\n\t\t\t<div class=\"elementor-widget-wrap elementor-element-populated\">\n\t\t\t\t\t\t<div class=\"elementor-element elementor-element-380efbec elementor-widget elementor-widget-text-editor\" data-id=\"380efbec\" data-element_type=\"widget\" data-e-type=\"widget\" data-widget_type=\"text-editor.default\">\n\t\t\t\t<div class=\"elementor-widget-container\">\n\t\t\t\t\t\t\t\t\t<p><strong>WIE BIST DU ZU DEINER T\u00c4TIGKEIT ALS MANUELLER THERAPEUT GEKOMMEN?<\/strong><\/p><p>Im Laufe meiner Erstausbildung als Kaufmann wurde mir immer klarer, dass ich mit meinen H\u00e4nden mehr tun m\u00f6chte, als lediglich eine Tastatur oder einen Telefonh\u00f6rer zu bedienen. Ich suchte nach einer T\u00e4tigkeit, bei der ich mit meinen H\u00e4nden etwas Gutes bewirken konnte, etwas, das Menschen ges\u00fcnder oder gl\u00fccklicher machen sollte.<\/p><p>\u00a0<\/p><p><strong>WAS HAT DICH DANN ZUR R\u00dcCKENTHERAPIE GEF\u00dcHRT?<\/strong><\/p><p>Die Klassische Massage ist eine wirkungsvolle Methode, um muskul\u00e4re Verspannungen zu behandeln. F\u00fcr mich stellte sich jedoch die Frage, warum so viele Verspannungen auftreten und warum es \u00fcberhaupt zu Sch\u00e4digungen von K\u00f6rperstrukturen, wie z.B. Bandscheiben, kommt. Ich schaute mich nach Methoden um, welche die Ursachen von solchen Leiden angehen. Dabei fand ich die WBA-Therapie und die Sanfte Wirbeltherapie nach Dorn.<\/p>\t\t\t\t\t\t\t\t<\/div>\n\t\t\t\t<\/div>\n\t\t\t\t\t<\/div>\n\t\t<\/div>\n\t\t\t\t<div class=\"elementor-column elementor-col-50 elementor-top-column elementor-element elementor-element-45e3df9\" data-id=\"45e3df9\" data-element_type=\"column\" data-e-type=\"column\">\n\t\t\t<div class=\"elementor-widget-wrap elementor-element-populated\">\n\t\t\t\t\t\t<div class=\"elementor-element elementor-element-1d69d33 elementor-invisible elementor-widget elementor-widget-image\" data-id=\"1d69d33\" data-element_type=\"widget\" data-e-type=\"widget\" data-settings=\"{&quot;_animation&quot;:&quot;zoomIn&quot;}\" data-widget_type=\"image.default\">\n\t\t\t\t<div class=\"elementor-widget-container\">\n\t\t\t\t\t\t\t\t\t\t\t\t\t\t\t<img fetchpriority=\"high\" decoding=\"async\" width=\"333\" height=\"500\" src=\"https:\/\/ruecken-therapie-training.ch\/basel-bern\/wp-content\/uploads\/2021\/07\/kaj-niggli.jpg\" class=\"attachment-full size-full wp-image-826\" alt=\"\" srcset=\"https:\/\/ruecken-therapie-training.ch\/basel-bern\/wp-content\/uploads\/2021\/07\/kaj-niggli.jpg 333w, https:\/\/ruecken-therapie-training.ch\/basel-bern\/wp-content\/uploads\/2021\/07\/kaj-niggli-200x300.jpg 200w\" sizes=\"(max-width: 333px) 100vw, 333px\" \/>\t\t\t\t\t\t\t\t\t\t\t\t\t\t\t<\/div>\n\t\t\t\t<\/div>\n\t\t\t\t\t<\/div>\n\t\t<\/div>\n\t\t\t\t\t<\/div>\n\t\t<\/section>\n\t\t\t\t<section class=\"elementor-section elementor-top-section elementor-element elementor-element-1a06253 elementor-section-boxed elementor-section-height-default elementor-section-height-default\" data-id=\"1a06253\" data-element_type=\"section\" data-e-type=\"section\">\n\t\t\t\t\t\t<div class=\"elementor-container elementor-column-gap-default\">\n\t\t\t\t\t<div class=\"elementor-column elementor-col-100 elementor-top-column elementor-element elementor-element-1d24bef\" data-id=\"1d24bef\" data-element_type=\"column\" data-e-type=\"column\">\n\t\t\t<div class=\"elementor-widget-wrap elementor-element-populated\">\n\t\t\t\t\t\t<div class=\"elementor-element elementor-element-676b6a3 elementor-widget elementor-widget-text-editor\" data-id=\"676b6a3\" data-element_type=\"widget\" data-e-type=\"widget\" data-widget_type=\"text-editor.default\">\n\t\t\t\t<div class=\"elementor-widget-container\">\n\t\t\t\t\t\t\t\t\t<p><strong>WAS FASZINIERT DICH AN DIESEN BEHANDLUNGSTECHNIKEN?<\/strong><\/p><p>Ich finde den Wirbels\u00e4ulen-Basis-Ausgleich so genial, weil sich die Behandlung einfach gut anf\u00fchlt und erst noch sehr effektiv ist. Es ist das Zusammenspiel von drei Elementen: den Energiefluss harmonisieren, die K\u00f6rperstatik ins Lot bringen und Bewegung in den K\u00f6rper bringen. Auf diese Weise wird der K\u00f6rper auf unterschiedlichen Ebenen angesprochen und die Wirkung verst\u00e4rkt. Diese durfte ich am eigenen K\u00f6rper erfahren. Die Dorn-Methode \u00fcberzeugt durch ihre Einfachheit und Effizienz. Mit den Selbsthilfe-\u00dcbungen bekommt der Patient zudem ein wirksames Mittel in die Hand.<\/p><p>\u00a0<\/p><p><strong>BERUHT DIESE METHODE AUF WISSENSCHAFTLICHEN ERKENNTNISSEN?<\/strong><\/p><p>Grunds\u00e4tzlich handelt es sich um Methoden aus der Komplement\u00e4rtherapie, die auf Erfahrungsmedizin beruhen. Dank zahlreichen Forschungen in den letzten 10 Jahren lassen sich diese Techniken immer besser verstehen. Insbesondere auf dem Gebiet der Faszien wurden hochinteressante Entdeckungen gemacht. Dadurch werden die positiven Erfahrungen aus der Praxis nachvollziehbar und erhalten eine wissenschaftliche Grundlage.<\/p><p>\u00a0<\/p><p><strong>WARUM BIETEST DU AUCH SPIRALSTABILISATION AN?<\/strong><br \/><br \/>Dieses einzigartige Training ist die Erg\u00e4nzung zu der passiven Behandlung. F\u00fcr den Therapieerfolg braucht es meistens die Aktivit\u00e4t des Patienten. Zum Beispiel wenn es darum geht, abgeschw\u00e4chte Muskulatur zu st\u00e4rken oder Verhaltensmuster im Alltag zu ver\u00e4ndern. Dazu ist das spiraldynamische Muskelkettentraining hervorragend geeignet. In meinen Therapiestunden vermittle ich die Grundlagen dieser Methode.<\/p><p>\u00a0<\/p><p><strong>WIE KAM ES ZU DER ZUSAMMENARBEIT MIT DER BEWEGUNGSP\u00c4DAGOGIN CAROLINE JAGGI?<\/strong><\/p><p>Durch unseren pers\u00f6nlichen und fachlichen Austausch haben wir das Potential einer Zusammenarbeit erkannt: Die meisten Patienten brauchen ein gutes Training. Wer will jedoch alleine zu Hause trainieren? Mit Personal Training und Gruppenkursen von Caroline Jaggi werden die Patienten optimal betreut, um ihre Ziele zu erreichen. Auf der anderen Seite k\u00f6nnen Teilnehmende von Gruppenkursen ihr Training effektiver und gelenkschonender ausf\u00fchren, wenn die Statik im Lot ist. Dazu braucht es in den meisten F\u00e4llen eine Therapie-Behandlung.<\/p>\t\t\t\t\t\t\t\t<\/div>\n\t\t\t\t<\/div>\n\t\t\t\t\t<\/div>\n\t\t<\/div>\n\t\t\t\t\t<\/div>\n\t\t<\/section>\n\t\t\t\t<\/div>\n\t\t","protected":false},"excerpt":{"rendered":"<p>WIE BIST DU ZU DEINER T\u00c4TIGKEIT ALS MANUELLER THERAPEUT GEKOMMEN? Im Laufe meiner Erstausbildung als Kaufmann wurde mir immer klarer, dass ich mit meinen H\u00e4nden mehr tun m\u00f6chte, als lediglich eine Tastatur oder einen Telefonh\u00f6rer zu bedienen. Ich suchte nach einer T\u00e4tigkeit, bei der ich mit meinen H\u00e4nden etwas Gutes bewirken konnte, etwas, das Menschen [&hellip;]<\/p>\n","protected":false},"author":1,"featured_media":0,"parent":0,"menu_order":0,"comment_status":"closed","ping_status":"closed","template":"elementor_header_footer","meta":{"footnotes":""},"class_list":["post-1765","page","type-page","status-publish","hentry"],"yoast_head":"<!-- This site is optimized with the Yoast SEO plugin v27.4 - https:\/\/yoast.com\/product\/yoast-seo-wordpress\/ -->\n<title>Kaj Niggli | Rueckentherapie Rueckentraining<\/title>\n<meta name=\"robots\" content=\"index, follow, max-snippet:-1, max-image-preview:large, max-video-preview:-1\" \/>\n<link rel=\"canonical\" href=\"https:\/\/ruecken-therapie-training.ch\/basel-bern\/kaj-niggli\/\" \/>\n<meta property=\"og:locale\" content=\"de_DE\" \/>\n<meta property=\"og:type\" content=\"article\" \/>\n<meta property=\"og:title\" content=\"Kaj Niggli | Rueckentherapie Rueckentraining\" \/>\n<meta property=\"og:description\" content=\"WIE BIST DU ZU DEINER T\u00c4TIGKEIT ALS MANUELLER THERAPEUT GEKOMMEN? Im Laufe meiner Erstausbildung als Kaufmann wurde mir immer klarer, dass ich mit meinen H\u00e4nden mehr tun m\u00f6chte, als lediglich eine Tastatur oder einen Telefonh\u00f6rer zu bedienen. Ich suchte nach einer T\u00e4tigkeit, bei der ich mit meinen H\u00e4nden etwas Gutes bewirken konnte, etwas, das Menschen [&hellip;]\" \/>\n<meta property=\"og:url\" content=\"https:\/\/ruecken-therapie-training.ch\/basel-bern\/kaj-niggli\/\" \/>\n<meta property=\"og:site_name\" content=\"Rueckentherapie Rueckentraining\" \/>\n<meta property=\"article:modified_time\" content=\"2021-10-06T09:43:16+00:00\" \/>\n<meta property=\"og:image\" content=\"https:\/\/ruecken-therapie-training.ch\/basel-bern\/wp-content\/uploads\/2021\/07\/kaj-niggli.jpg\" \/>\n<meta name=\"twitter:card\" content=\"summary_large_image\" \/>\n<meta name=\"twitter:label1\" content=\"Gesch\u00e4tzte Lesezeit\" \/>\n\t<meta name=\"twitter:data1\" content=\"3\u00a0Minuten\" \/>\n<script type=\"application\/ld+json\" class=\"yoast-schema-graph\">{\"@context\":\"https:\\\/\\\/schema.org\",\"@graph\":[{\"@type\":\"WebPage\",\"@id\":\"https:\\\/\\\/ruecken-therapie-training.ch\\\/basel-bern\\\/kaj-niggli\\\/\",\"url\":\"https:\\\/\\\/ruecken-therapie-training.ch\\\/basel-bern\\\/kaj-niggli\\\/\",\"name\":\"Kaj Niggli | Rueckentherapie Rueckentraining\",\"isPartOf\":{\"@id\":\"https:\\\/\\\/ruecken-therapie-training.ch\\\/basel-bern\\\/#website\"},\"primaryImageOfPage\":{\"@id\":\"https:\\\/\\\/ruecken-therapie-training.ch\\\/basel-bern\\\/kaj-niggli\\\/#primaryimage\"},\"image\":{\"@id\":\"https:\\\/\\\/ruecken-therapie-training.ch\\\/basel-bern\\\/kaj-niggli\\\/#primaryimage\"},\"thumbnailUrl\":\"https:\\\/\\\/ruecken-therapie-training.ch\\\/basel-bern\\\/wp-content\\\/uploads\\\/2021\\\/07\\\/kaj-niggli.jpg\",\"datePublished\":\"2021-09-27T14:52:38+00:00\",\"dateModified\":\"2021-10-06T09:43:16+00:00\",\"breadcrumb\":{\"@id\":\"https:\\\/\\\/ruecken-therapie-training.ch\\\/basel-bern\\\/kaj-niggli\\\/#breadcrumb\"},\"inLanguage\":\"de\",\"potentialAction\":[{\"@type\":\"ReadAction\",\"target\":[\"https:\\\/\\\/ruecken-therapie-training.ch\\\/basel-bern\\\/kaj-niggli\\\/\"]}]},{\"@type\":\"ImageObject\",\"inLanguage\":\"de\",\"@id\":\"https:\\\/\\\/ruecken-therapie-training.ch\\\/basel-bern\\\/kaj-niggli\\\/#primaryimage\",\"url\":\"https:\\\/\\\/ruecken-therapie-training.ch\\\/basel-bern\\\/wp-content\\\/uploads\\\/2021\\\/07\\\/kaj-niggli.jpg\",\"contentUrl\":\"https:\\\/\\\/ruecken-therapie-training.ch\\\/basel-bern\\\/wp-content\\\/uploads\\\/2021\\\/07\\\/kaj-niggli.jpg\",\"width\":333,\"height\":500},{\"@type\":\"BreadcrumbList\",\"@id\":\"https:\\\/\\\/ruecken-therapie-training.ch\\\/basel-bern\\\/kaj-niggli\\\/#breadcrumb\",\"itemListElement\":[{\"@type\":\"ListItem\",\"position\":1,\"name\":\"Startseite\",\"item\":\"https:\\\/\\\/ruecken-therapie-training.ch\\\/basel-bern\\\/\"},{\"@type\":\"ListItem\",\"position\":2,\"name\":\"Kaj Niggli\"}]},{\"@type\":\"WebSite\",\"@id\":\"https:\\\/\\\/ruecken-therapie-training.ch\\\/basel-bern\\\/#website\",\"url\":\"https:\\\/\\\/ruecken-therapie-training.ch\\\/basel-bern\\\/\",\"name\":\"Rueckentherapie Rueckentraining\",\"description\":\"in Basel und Bern\",\"publisher\":{\"@id\":\"https:\\\/\\\/ruecken-therapie-training.ch\\\/basel-bern\\\/#organization\"},\"potentialAction\":[{\"@type\":\"SearchAction\",\"target\":{\"@type\":\"EntryPoint\",\"urlTemplate\":\"https:\\\/\\\/ruecken-therapie-training.ch\\\/basel-bern\\\/?s={search_term_string}\"},\"query-input\":{\"@type\":\"PropertyValueSpecification\",\"valueRequired\":true,\"valueName\":\"search_term_string\"}}],\"inLanguage\":\"de\"},{\"@type\":\"Organization\",\"@id\":\"https:\\\/\\\/ruecken-therapie-training.ch\\\/basel-bern\\\/#organization\",\"name\":\"R\u00fccken - Therapie - Training in Basel & Bern\",\"url\":\"https:\\\/\\\/ruecken-therapie-training.ch\\\/basel-bern\\\/\",\"logo\":{\"@type\":\"ImageObject\",\"inLanguage\":\"de\",\"@id\":\"https:\\\/\\\/ruecken-therapie-training.ch\\\/basel-bern\\\/#\\\/schema\\\/logo\\\/image\\\/\",\"url\":\"https:\\\/\\\/ruecken-therapie-training.ch\\\/basel-bern\\\/wp-content\\\/uploads\\\/2021\\\/07\\\/ruecken-therapie-training-high-res-logo.png\",\"contentUrl\":\"https:\\\/\\\/ruecken-therapie-training.ch\\\/basel-bern\\\/wp-content\\\/uploads\\\/2021\\\/07\\\/ruecken-therapie-training-high-res-logo.png\",\"width\":1600,\"height\":1333,\"caption\":\"R\u00fccken - Therapie - Training in Basel & Bern\"},\"image\":{\"@id\":\"https:\\\/\\\/ruecken-therapie-training.ch\\\/basel-bern\\\/#\\\/schema\\\/logo\\\/image\\\/\"}}]}<\/script>\n<!-- \/ Yoast SEO plugin. -->","yoast_head_json":{"title":"Kaj Niggli | Rueckentherapie Rueckentraining","robots":{"index":"index","follow":"follow","max-snippet":"max-snippet:-1","max-image-preview":"max-image-preview:large","max-video-preview":"max-video-preview:-1"},"canonical":"https:\/\/ruecken-therapie-training.ch\/basel-bern\/kaj-niggli\/","og_locale":"de_DE","og_type":"article","og_title":"Kaj Niggli | Rueckentherapie Rueckentraining","og_description":"WIE BIST DU ZU DEINER T\u00c4TIGKEIT ALS MANUELLER THERAPEUT GEKOMMEN? Im Laufe meiner Erstausbildung als Kaufmann wurde mir immer klarer, dass ich mit meinen H\u00e4nden mehr tun m\u00f6chte, als lediglich eine Tastatur oder einen Telefonh\u00f6rer zu bedienen. Ich suchte nach einer T\u00e4tigkeit, bei der ich mit meinen H\u00e4nden etwas Gutes bewirken konnte, etwas, das Menschen [&hellip;]","og_url":"https:\/\/ruecken-therapie-training.ch\/basel-bern\/kaj-niggli\/","og_site_name":"Rueckentherapie Rueckentraining","article_modified_time":"2021-10-06T09:43:16+00:00","og_image":[{"url":"https:\/\/ruecken-therapie-training.ch\/basel-bern\/wp-content\/uploads\/2021\/07\/kaj-niggli.jpg","type":"","width":"","height":""}],"twitter_card":"summary_large_image","twitter_misc":{"Gesch\u00e4tzte Lesezeit":"3\u00a0Minuten"},"schema":{"@context":"https:\/\/schema.org","@graph":[{"@type":"WebPage","@id":"https:\/\/ruecken-therapie-training.ch\/basel-bern\/kaj-niggli\/","url":"https:\/\/ruecken-therapie-training.ch\/basel-bern\/kaj-niggli\/","name":"Kaj Niggli | Rueckentherapie Rueckentraining","isPartOf":{"@id":"https:\/\/ruecken-therapie-training.ch\/basel-bern\/#website"},"primaryImageOfPage":{"@id":"https:\/\/ruecken-therapie-training.ch\/basel-bern\/kaj-niggli\/#primaryimage"},"image":{"@id":"https:\/\/ruecken-therapie-training.ch\/basel-bern\/kaj-niggli\/#primaryimage"},"thumbnailUrl":"https:\/\/ruecken-therapie-training.ch\/basel-bern\/wp-content\/uploads\/2021\/07\/kaj-niggli.jpg","datePublished":"2021-09-27T14:52:38+00:00","dateModified":"2021-10-06T09:43:16+00:00","breadcrumb":{"@id":"https:\/\/ruecken-therapie-training.ch\/basel-bern\/kaj-niggli\/#breadcrumb"},"inLanguage":"de","potentialAction":[{"@type":"ReadAction","target":["https:\/\/ruecken-therapie-training.ch\/basel-bern\/kaj-niggli\/"]}]},{"@type":"ImageObject","inLanguage":"de","@id":"https:\/\/ruecken-therapie-training.ch\/basel-bern\/kaj-niggli\/#primaryimage","url":"https:\/\/ruecken-therapie-training.ch\/basel-bern\/wp-content\/uploads\/2021\/07\/kaj-niggli.jpg","contentUrl":"https:\/\/ruecken-therapie-training.ch\/basel-bern\/wp-content\/uploads\/2021\/07\/kaj-niggli.jpg","width":333,"height":500},{"@type":"BreadcrumbList","@id":"https:\/\/ruecken-therapie-training.ch\/basel-bern\/kaj-niggli\/#breadcrumb","itemListElement":[{"@type":"ListItem","position":1,"name":"Startseite","item":"https:\/\/ruecken-therapie-training.ch\/basel-bern\/"},{"@type":"ListItem","position":2,"name":"Kaj Niggli"}]},{"@type":"WebSite","@id":"https:\/\/ruecken-therapie-training.ch\/basel-bern\/#website","url":"https:\/\/ruecken-therapie-training.ch\/basel-bern\/","name":"Rueckentherapie Rueckentraining","description":"in Basel und Bern","publisher":{"@id":"https:\/\/ruecken-therapie-training.ch\/basel-bern\/#organization"},"potentialAction":[{"@type":"SearchAction","target":{"@type":"EntryPoint","urlTemplate":"https:\/\/ruecken-therapie-training.ch\/basel-bern\/?s={search_term_string}"},"query-input":{"@type":"PropertyValueSpecification","valueRequired":true,"valueName":"search_term_string"}}],"inLanguage":"de"},{"@type":"Organization","@id":"https:\/\/ruecken-therapie-training.ch\/basel-bern\/#organization","name":"R\u00fccken - Therapie - Training in Basel & Bern","url":"https:\/\/ruecken-therapie-training.ch\/basel-bern\/","logo":{"@type":"ImageObject","inLanguage":"de","@id":"https:\/\/ruecken-therapie-training.ch\/basel-bern\/#\/schema\/logo\/image\/","url":"https:\/\/ruecken-therapie-training.ch\/basel-bern\/wp-content\/uploads\/2021\/07\/ruecken-therapie-training-high-res-logo.png","contentUrl":"https:\/\/ruecken-therapie-training.ch\/basel-bern\/wp-content\/uploads\/2021\/07\/ruecken-therapie-training-high-res-logo.png","width":1600,"height":1333,"caption":"R\u00fccken - Therapie - Training in Basel & Bern"},"image":{"@id":"https:\/\/ruecken-therapie-training.ch\/basel-bern\/#\/schema\/logo\/image\/"}}]}},"_links":{"self":[{"href":"https:\/\/ruecken-therapie-training.ch\/basel-bern\/wp-json\/wp\/v2\/pages\/1765","targetHints":{"allow":["GET"]}}],"collection":[{"href":"https:\/\/ruecken-therapie-training.ch\/basel-bern\/wp-json\/wp\/v2\/pages"}],"about":[{"href":"https:\/\/ruecken-therapie-training.ch\/basel-bern\/wp-json\/wp\/v2\/types\/page"}],"author":[{"embeddable":true,"href":"https:\/\/ruecken-therapie-training.ch\/basel-bern\/wp-json\/wp\/v2\/users\/1"}],"replies":[{"embeddable":true,"href":"https:\/\/ruecken-therapie-training.ch\/basel-bern\/wp-json\/wp\/v2\/comments?post=1765"}],"version-history":[{"count":22,"href":"https:\/\/ruecken-therapie-training.ch\/basel-bern\/wp-json\/wp\/v2\/pages\/1765\/revisions"}],"predecessor-version":[{"id":2778,"href":"https:\/\/ruecken-therapie-training.ch\/basel-bern\/wp-json\/wp\/v2\/pages\/1765\/revisions\/2778"}],"wp:attachment":[{"href":"https:\/\/ruecken-therapie-training.ch\/basel-bern\/wp-json\/wp\/v2\/media?parent=1765"}],"curies":[{"name":"wp","href":"https:\/\/api.w.org\/{rel}","templated":true}]}}