{"id":10,"date":"2021-07-22T19:05:45","date_gmt":"2021-07-22T19:05:45","guid":{"rendered":"https:\/\/ruecken-therapie-training.ch\/basel-bern\/?page_id=10"},"modified":"2024-11-08T09:20:26","modified_gmt":"2024-11-08T09:20:26","slug":"ruecken-therapie-training","status":"publish","type":"page","link":"https:\/\/ruecken-therapie-training.ch\/basel-bern\/","title":{"rendered":"R\u00fccken Therapie Training"},"content":{"rendered":"\t\t<div data-elementor-type=\"wp-page\" data-elementor-id=\"10\" class=\"elementor elementor-10\" data-elementor-post-type=\"page\">\n\t\t\t\t\t\t<section class=\"elementor-section elementor-top-section elementor-element elementor-element-c4f3368 elementor-section-full_width elementor-section-height-full elementor-section-height-default elementor-section-items-middle\" data-id=\"c4f3368\" data-element_type=\"section\" data-e-type=\"section\" data-settings=\"{&quot;background_background&quot;:&quot;gradient&quot;}\">\n\t\t\t\t\t\t\t<div class=\"elementor-background-overlay\"><\/div>\n\t\t\t\t\t\t\t<div class=\"elementor-container elementor-column-gap-custom\">\n\t\t\t\t\t<div class=\"elementor-column elementor-col-100 elementor-top-column elementor-element elementor-element-322943d\" data-id=\"322943d\" data-element_type=\"column\" data-e-type=\"column\" data-settings=\"{&quot;background_background&quot;:&quot;classic&quot;}\">\n\t\t\t<div class=\"elementor-widget-wrap elementor-element-populated\">\n\t\t\t\t\t<div class=\"elementor-background-overlay\"><\/div>\n\t\t\t\t\t\t<div class=\"elementor-element elementor-element-a30dffc elementor-invisible elementor-widget elementor-widget-image\" data-id=\"a30dffc\" data-element_type=\"widget\" data-e-type=\"widget\" data-settings=\"{&quot;_animation&quot;:&quot;zoomIn&quot;}\" data-widget_type=\"image.default\">\n\t\t\t\t<div class=\"elementor-widget-container\">\n\t\t\t\t\t\t\t\t\t\t\t\t\t\t\t<img fetchpriority=\"high\" decoding=\"async\" width=\"800\" height=\"659\" src=\"https:\/\/ruecken-therapie-training.ch\/basel-bern\/wp-content\/uploads\/2021\/07\/ruecken-therapie-training-high-res-logo-v1a-1024x844.png\" class=\"attachment-large size-large wp-image-81\" alt=\"\" srcset=\"https:\/\/ruecken-therapie-training.ch\/basel-bern\/wp-content\/uploads\/2021\/07\/ruecken-therapie-training-high-res-logo-v1a-1024x844.png 1024w, https:\/\/ruecken-therapie-training.ch\/basel-bern\/wp-content\/uploads\/2021\/07\/ruecken-therapie-training-high-res-logo-v1a-300x247.png 300w, https:\/\/ruecken-therapie-training.ch\/basel-bern\/wp-content\/uploads\/2021\/07\/ruecken-therapie-training-high-res-logo-v1a-768x633.png 768w, https:\/\/ruecken-therapie-training.ch\/basel-bern\/wp-content\/uploads\/2021\/07\/ruecken-therapie-training-high-res-logo-v1a.png 1200w\" sizes=\"(max-width: 800px) 100vw, 800px\" \/>\t\t\t\t\t\t\t\t\t\t\t\t\t\t\t<\/div>\n\t\t\t\t<\/div>\n\t\t\t\t<div class=\"elementor-element elementor-element-a982024 elementor-hidden-mobile elementor-invisible elementor-widget elementor-widget-heading\" data-id=\"a982024\" data-element_type=\"widget\" data-e-type=\"widget\" data-settings=\"{&quot;_animation&quot;:&quot;zoomIn&quot;}\" data-widget_type=\"heading.default\">\n\t\t\t\t<div class=\"elementor-widget-container\">\n\t\t\t\t\t<h2 class=\"elementor-heading-title elementor-size-default\">Im Team f\u00fcr Ihren R\u00fccken!<\/h2>\t\t\t\t<\/div>\n\t\t\t\t<\/div>\n\t\t\t\t<section class=\"elementor-section elementor-inner-section elementor-element elementor-element-d10feab elementor-section-full_width elementor-section-height-default elementor-section-height-default\" data-id=\"d10feab\" data-element_type=\"section\" data-e-type=\"section\" data-settings=\"{&quot;background_background&quot;:&quot;classic&quot;}\">\n\t\t\t\t\t\t\t<div class=\"elementor-background-overlay\"><\/div>\n\t\t\t\t\t\t\t<div class=\"elementor-container elementor-column-gap-default\">\n\t\t\t\t\t<div class=\"elementor-column elementor-col-50 elementor-inner-column elementor-element elementor-element-ab54e52\" data-id=\"ab54e52\" data-element_type=\"column\" data-e-type=\"column\">\n\t\t\t<div class=\"elementor-widget-wrap elementor-element-populated\">\n\t\t\t\t\t\t<div class=\"elementor-element elementor-element-706d2a5 elementor-align-left elementor-tablet-align-right elementor-mobile-align-center elementor-invisible elementor-widget elementor-widget-button\" data-id=\"706d2a5\" data-element_type=\"widget\" data-e-type=\"widget\" data-settings=\"{&quot;_animation&quot;:&quot;bounceInDown&quot;,&quot;_animation_delay&quot;:1000,&quot;_animation_mobile&quot;:&quot;none&quot;}\" data-widget_type=\"button.default\">\n\t\t\t\t<div class=\"elementor-widget-container\">\n\t\t\t\t\t\t\t\t\t<div class=\"elementor-button-wrapper\">\n\t\t\t\t\t<a class=\"elementor-button elementor-button-link elementor-size-sm elementor-animation-grow\" href=\"https:\/\/ruecken-therapie-training.ch\/basel-bern\/rueckentraining\/\">\n\t\t\t\t\t\t<span class=\"elementor-button-content-wrapper\">\n\t\t\t\t\t\t\t\t\t<span class=\"elementor-button-text\">R\u00fcckentraining<\/span>\n\t\t\t\t\t<\/span>\n\t\t\t\t\t<\/a>\n\t\t\t\t<\/div>\n\t\t\t\t\t\t\t\t<\/div>\n\t\t\t\t<\/div>\n\t\t\t\t\t<\/div>\n\t\t<\/div>\n\t\t\t\t<div class=\"elementor-column elementor-col-50 elementor-inner-column elementor-element elementor-element-52052b5\" data-id=\"52052b5\" data-element_type=\"column\" data-e-type=\"column\">\n\t\t\t<div class=\"elementor-widget-wrap elementor-element-populated\">\n\t\t\t\t\t\t<div class=\"elementor-element elementor-element-4c10c45 elementor-align-right elementor-tablet-align-left elementor-mobile-align-center elementor-invisible elementor-widget elementor-widget-button\" data-id=\"4c10c45\" data-element_type=\"widget\" data-e-type=\"widget\" data-settings=\"{&quot;_animation&quot;:&quot;bounceInDown&quot;,&quot;_animation_delay&quot;:1000,&quot;_animation_mobile&quot;:&quot;none&quot;}\" data-widget_type=\"button.default\">\n\t\t\t\t<div class=\"elementor-widget-container\">\n\t\t\t\t\t\t\t\t\t<div class=\"elementor-button-wrapper\">\n\t\t\t\t\t<a class=\"elementor-button elementor-button-link elementor-size-sm elementor-animation-grow\" href=\"https:\/\/ruecken-therapie-training.ch\/basel-bern\/rueckentherapie\/\">\n\t\t\t\t\t\t<span class=\"elementor-button-content-wrapper\">\n\t\t\t\t\t\t\t\t\t<span class=\"elementor-button-text\">R\u00fcckentherapie<\/span>\n\t\t\t\t\t<\/span>\n\t\t\t\t\t<\/a>\n\t\t\t\t<\/div>\n\t\t\t\t\t\t\t\t<\/div>\n\t\t\t\t<\/div>\n\t\t\t\t\t<\/div>\n\t\t<\/div>\n\t\t\t\t\t<\/div>\n\t\t<\/section>\n\t\t\t\t\t<\/div>\n\t\t<\/div>\n\t\t\t\t\t<\/div>\n\t\t<\/section>\n\t\t\t\t<\/div>\n\t\t","protected":false},"excerpt":{"rendered":"<p>Im Team f\u00fcr Ihren R\u00fccken! R\u00fcckentraining R\u00fcckentherapie<\/p>\n","protected":false},"author":1,"featured_media":2489,"parent":0,"menu_order":0,"comment_status":"closed","ping_status":"closed","template":"elementor_canvas","meta":{"footnotes":""},"class_list":["post-10","page","type-page","status-publish","has-post-thumbnail","hentry"],"yoast_head":"<!-- This site is optimized with the Yoast SEO plugin v27.4 - https:\/\/yoast.com\/product\/yoast-seo-wordpress\/ -->\n<title>R\u00fccken Therapie Training | Rueckentherapie Rueckentraining<\/title>\n<meta name=\"description\" content=\"R\u00fcckentherapie und R\u00fcckentraining in Basel und Bern. R\u00fcckenschmerzen m\u00fcssen nicht sein. Gerne helfen wir Ihnen, wieder schmerzfrei zu werden\" \/>\n<meta name=\"robots\" content=\"index, follow, max-snippet:-1, max-image-preview:large, max-video-preview:-1\" \/>\n<link rel=\"canonical\" href=\"https:\/\/ruecken-therapie-training.ch\/basel-bern\/\" \/>\n<meta property=\"og:locale\" content=\"de_DE\" \/>\n<meta property=\"og:type\" content=\"article\" \/>\n<meta property=\"og:title\" content=\"R\u00fccken Therapie Training | Rueckentherapie Rueckentraining\" \/>\n<meta property=\"og:description\" content=\"R\u00fcckentherapie und R\u00fcckentraining in Basel und Bern. R\u00fcckenschmerzen m\u00fcssen nicht sein. Gerne helfen wir Ihnen, wieder schmerzfrei zu werden\" \/>\n<meta property=\"og:url\" content=\"https:\/\/ruecken-therapie-training.ch\/basel-bern\/\" \/>\n<meta property=\"og:site_name\" content=\"Rueckentherapie Rueckentraining\" \/>\n<meta property=\"article:modified_time\" content=\"2024-11-08T09:20:26+00:00\" \/>\n<meta property=\"og:image\" content=\"https:\/\/ruecken-therapie-training.ch\/basel-bern\/wp-content\/uploads\/2019\/12\/spiralstabilisation.jpeg\" \/>\n\t<meta property=\"og:image:width\" content=\"800\" \/>\n\t<meta property=\"og:image:height\" content=\"533\" \/>\n\t<meta property=\"og:image:type\" content=\"image\/jpeg\" \/>\n<meta name=\"twitter:card\" content=\"summary_large_image\" \/>\n<meta name=\"twitter:label1\" content=\"Gesch\u00e4tzte Lesezeit\" \/>\n\t<meta name=\"twitter:data1\" content=\"1\u00a0Minute\" \/>\n<script type=\"application\/ld+json\" class=\"yoast-schema-graph\">{\"@context\":\"https:\\\/\\\/schema.org\",\"@graph\":[{\"@type\":\"WebPage\",\"@id\":\"https:\\\/\\\/ruecken-therapie-training.ch\\\/basel-bern\\\/\",\"url\":\"https:\\\/\\\/ruecken-therapie-training.ch\\\/basel-bern\\\/\",\"name\":\"R\u00fccken Therapie Training | Rueckentherapie Rueckentraining\",\"isPartOf\":{\"@id\":\"https:\\\/\\\/ruecken-therapie-training.ch\\\/basel-bern\\\/#website\"},\"primaryImageOfPage\":{\"@id\":\"https:\\\/\\\/ruecken-therapie-training.ch\\\/basel-bern\\\/#primaryimage\"},\"image\":{\"@id\":\"https:\\\/\\\/ruecken-therapie-training.ch\\\/basel-bern\\\/#primaryimage\"},\"thumbnailUrl\":\"https:\\\/\\\/ruecken-therapie-training.ch\\\/basel-bern\\\/wp-content\\\/uploads\\\/2019\\\/12\\\/spiralstabilisation.jpeg\",\"datePublished\":\"2021-07-22T19:05:45+00:00\",\"dateModified\":\"2024-11-08T09:20:26+00:00\",\"description\":\"R\u00fcckentherapie und R\u00fcckentraining in Basel und Bern. R\u00fcckenschmerzen m\u00fcssen nicht sein. Gerne helfen wir Ihnen, wieder schmerzfrei zu werden\",\"breadcrumb\":{\"@id\":\"https:\\\/\\\/ruecken-therapie-training.ch\\\/basel-bern\\\/#breadcrumb\"},\"inLanguage\":\"de\",\"potentialAction\":[{\"@type\":\"ReadAction\",\"target\":[\"https:\\\/\\\/ruecken-therapie-training.ch\\\/basel-bern\\\/\"]}]},{\"@type\":\"ImageObject\",\"inLanguage\":\"de\",\"@id\":\"https:\\\/\\\/ruecken-therapie-training.ch\\\/basel-bern\\\/#primaryimage\",\"url\":\"https:\\\/\\\/ruecken-therapie-training.ch\\\/basel-bern\\\/wp-content\\\/uploads\\\/2019\\\/12\\\/spiralstabilisation.jpeg\",\"contentUrl\":\"https:\\\/\\\/ruecken-therapie-training.ch\\\/basel-bern\\\/wp-content\\\/uploads\\\/2019\\\/12\\\/spiralstabilisation.jpeg\",\"width\":800,\"height\":533},{\"@type\":\"BreadcrumbList\",\"@id\":\"https:\\\/\\\/ruecken-therapie-training.ch\\\/basel-bern\\\/#breadcrumb\",\"itemListElement\":[{\"@type\":\"ListItem\",\"position\":1,\"name\":\"Startseite\",\"item\":\"https:\\\/\\\/ruecken-therapie-training.ch\\\/basel-bern\\\/\"},{\"@type\":\"ListItem\",\"position\":2,\"name\":\"R\u00fccken Therapie Training\"}]},{\"@type\":\"WebSite\",\"@id\":\"https:\\\/\\\/ruecken-therapie-training.ch\\\/basel-bern\\\/#website\",\"url\":\"https:\\\/\\\/ruecken-therapie-training.ch\\\/basel-bern\\\/\",\"name\":\"Rueckentherapie Rueckentraining\",\"description\":\"in Basel und Bern\",\"publisher\":{\"@id\":\"https:\\\/\\\/ruecken-therapie-training.ch\\\/basel-bern\\\/#organization\"},\"potentialAction\":[{\"@type\":\"SearchAction\",\"target\":{\"@type\":\"EntryPoint\",\"urlTemplate\":\"https:\\\/\\\/ruecken-therapie-training.ch\\\/basel-bern\\\/?s={search_term_string}\"},\"query-input\":{\"@type\":\"PropertyValueSpecification\",\"valueRequired\":true,\"valueName\":\"search_term_string\"}}],\"inLanguage\":\"de\"},{\"@type\":\"Organization\",\"@id\":\"https:\\\/\\\/ruecken-therapie-training.ch\\\/basel-bern\\\/#organization\",\"name\":\"R\u00fccken - Therapie - Training in Basel & Bern\",\"url\":\"https:\\\/\\\/ruecken-therapie-training.ch\\\/basel-bern\\\/\",\"logo\":{\"@type\":\"ImageObject\",\"inLanguage\":\"de\",\"@id\":\"https:\\\/\\\/ruecken-therapie-training.ch\\\/basel-bern\\\/#\\\/schema\\\/logo\\\/image\\\/\",\"url\":\"https:\\\/\\\/ruecken-therapie-training.ch\\\/basel-bern\\\/wp-content\\\/uploads\\\/2021\\\/07\\\/ruecken-therapie-training-high-res-logo.png\",\"contentUrl\":\"https:\\\/\\\/ruecken-therapie-training.ch\\\/basel-bern\\\/wp-content\\\/uploads\\\/2021\\\/07\\\/ruecken-therapie-training-high-res-logo.png\",\"width\":1600,\"height\":1333,\"caption\":\"R\u00fccken - Therapie - Training in Basel & Bern\"},\"image\":{\"@id\":\"https:\\\/\\\/ruecken-therapie-training.ch\\\/basel-bern\\\/#\\\/schema\\\/logo\\\/image\\\/\"}}]}<\/script>\n<!-- \/ Yoast SEO plugin. -->","yoast_head_json":{"title":"R\u00fccken Therapie Training | Rueckentherapie Rueckentraining","description":"R\u00fcckentherapie und R\u00fcckentraining in Basel und Bern. R\u00fcckenschmerzen m\u00fcssen nicht sein. Gerne helfen wir Ihnen, wieder schmerzfrei zu werden","robots":{"index":"index","follow":"follow","max-snippet":"max-snippet:-1","max-image-preview":"max-image-preview:large","max-video-preview":"max-video-preview:-1"},"canonical":"https:\/\/ruecken-therapie-training.ch\/basel-bern\/","og_locale":"de_DE","og_type":"article","og_title":"R\u00fccken Therapie Training | Rueckentherapie Rueckentraining","og_description":"R\u00fcckentherapie und R\u00fcckentraining in Basel und Bern. R\u00fcckenschmerzen m\u00fcssen nicht sein. Gerne helfen wir Ihnen, wieder schmerzfrei zu werden","og_url":"https:\/\/ruecken-therapie-training.ch\/basel-bern\/","og_site_name":"Rueckentherapie Rueckentraining","article_modified_time":"2024-11-08T09:20:26+00:00","og_image":[{"width":800,"height":533,"url":"https:\/\/ruecken-therapie-training.ch\/basel-bern\/wp-content\/uploads\/2019\/12\/spiralstabilisation.jpeg","type":"image\/jpeg"}],"twitter_card":"summary_large_image","twitter_misc":{"Gesch\u00e4tzte Lesezeit":"1\u00a0Minute"},"schema":{"@context":"https:\/\/schema.org","@graph":[{"@type":"WebPage","@id":"https:\/\/ruecken-therapie-training.ch\/basel-bern\/","url":"https:\/\/ruecken-therapie-training.ch\/basel-bern\/","name":"R\u00fccken Therapie Training | Rueckentherapie Rueckentraining","isPartOf":{"@id":"https:\/\/ruecken-therapie-training.ch\/basel-bern\/#website"},"primaryImageOfPage":{"@id":"https:\/\/ruecken-therapie-training.ch\/basel-bern\/#primaryimage"},"image":{"@id":"https:\/\/ruecken-therapie-training.ch\/basel-bern\/#primaryimage"},"thumbnailUrl":"https:\/\/ruecken-therapie-training.ch\/basel-bern\/wp-content\/uploads\/2019\/12\/spiralstabilisation.jpeg","datePublished":"2021-07-22T19:05:45+00:00","dateModified":"2024-11-08T09:20:26+00:00","description":"R\u00fcckentherapie und R\u00fcckentraining in Basel und Bern. R\u00fcckenschmerzen m\u00fcssen nicht sein. Gerne helfen wir Ihnen, wieder schmerzfrei zu werden","breadcrumb":{"@id":"https:\/\/ruecken-therapie-training.ch\/basel-bern\/#breadcrumb"},"inLanguage":"de","potentialAction":[{"@type":"ReadAction","target":["https:\/\/ruecken-therapie-training.ch\/basel-bern\/"]}]},{"@type":"ImageObject","inLanguage":"de","@id":"https:\/\/ruecken-therapie-training.ch\/basel-bern\/#primaryimage","url":"https:\/\/ruecken-therapie-training.ch\/basel-bern\/wp-content\/uploads\/2019\/12\/spiralstabilisation.jpeg","contentUrl":"https:\/\/ruecken-therapie-training.ch\/basel-bern\/wp-content\/uploads\/2019\/12\/spiralstabilisation.jpeg","width":800,"height":533},{"@type":"BreadcrumbList","@id":"https:\/\/ruecken-therapie-training.ch\/basel-bern\/#breadcrumb","itemListElement":[{"@type":"ListItem","position":1,"name":"Startseite","item":"https:\/\/ruecken-therapie-training.ch\/basel-bern\/"},{"@type":"ListItem","position":2,"name":"R\u00fccken Therapie Training"}]},{"@type":"WebSite","@id":"https:\/\/ruecken-therapie-training.ch\/basel-bern\/#website","url":"https:\/\/ruecken-therapie-training.ch\/basel-bern\/","name":"Rueckentherapie Rueckentraining","description":"in Basel und Bern","publisher":{"@id":"https:\/\/ruecken-therapie-training.ch\/basel-bern\/#organization"},"potentialAction":[{"@type":"SearchAction","target":{"@type":"EntryPoint","urlTemplate":"https:\/\/ruecken-therapie-training.ch\/basel-bern\/?s={search_term_string}"},"query-input":{"@type":"PropertyValueSpecification","valueRequired":true,"valueName":"search_term_string"}}],"inLanguage":"de"},{"@type":"Organization","@id":"https:\/\/ruecken-therapie-training.ch\/basel-bern\/#organization","name":"R\u00fccken - Therapie - Training in Basel & Bern","url":"https:\/\/ruecken-therapie-training.ch\/basel-bern\/","logo":{"@type":"ImageObject","inLanguage":"de","@id":"https:\/\/ruecken-therapie-training.ch\/basel-bern\/#\/schema\/logo\/image\/","url":"https:\/\/ruecken-therapie-training.ch\/basel-bern\/wp-content\/uploads\/2021\/07\/ruecken-therapie-training-high-res-logo.png","contentUrl":"https:\/\/ruecken-therapie-training.ch\/basel-bern\/wp-content\/uploads\/2021\/07\/ruecken-therapie-training-high-res-logo.png","width":1600,"height":1333,"caption":"R\u00fccken - Therapie - Training in Basel & Bern"},"image":{"@id":"https:\/\/ruecken-therapie-training.ch\/basel-bern\/#\/schema\/logo\/image\/"}}]}},"_links":{"self":[{"href":"https:\/\/ruecken-therapie-training.ch\/basel-bern\/wp-json\/wp\/v2\/pages\/10","targetHints":{"allow":["GET"]}}],"collection":[{"href":"https:\/\/ruecken-therapie-training.ch\/basel-bern\/wp-json\/wp\/v2\/pages"}],"about":[{"href":"https:\/\/ruecken-therapie-training.ch\/basel-bern\/wp-json\/wp\/v2\/types\/page"}],"author":[{"embeddable":true,"href":"https:\/\/ruecken-therapie-training.ch\/basel-bern\/wp-json\/wp\/v2\/users\/1"}],"replies":[{"embeddable":true,"href":"https:\/\/ruecken-therapie-training.ch\/basel-bern\/wp-json\/wp\/v2\/comments?post=10"}],"version-history":[{"count":973,"href":"https:\/\/ruecken-therapie-training.ch\/basel-bern\/wp-json\/wp\/v2\/pages\/10\/revisions"}],"predecessor-version":[{"id":3948,"href":"https:\/\/ruecken-therapie-training.ch\/basel-bern\/wp-json\/wp\/v2\/pages\/10\/revisions\/3948"}],"wp:featuredmedia":[{"embeddable":true,"href":"https:\/\/ruecken-therapie-training.ch\/basel-bern\/wp-json\/wp\/v2\/media\/2489"}],"wp:attachment":[{"href":"https:\/\/ruecken-therapie-training.ch\/basel-bern\/wp-json\/wp\/v2\/media?parent=10"}],"curies":[{"name":"wp","href":"https:\/\/api.w.org\/{rel}","templated":true}]}}